{"id":87,"date":"2024-04-26T00:29:32","date_gmt":"2024-04-26T00:29:32","guid":{"rendered":"https:\/\/charrua.com.uy\/?page_id=87"},"modified":"2024-04-26T00:29:32","modified_gmt":"2024-04-26T00:29:32","slug":"sobre-nosotros","status":"publish","type":"page","link":"https:\/\/charrua.com.uy\/index.php\/sobre-nosotros\/","title":{"rendered":"Sobre nosotros"},"content":{"rendered":"\n<p>Somos una agencia de modelos y extras para publicidad, series y pel\u00edculas. Dedicada a descubrir y desarrollar nuevos talentos.<\/p>\n\n\n\n<p>Nuestro equipo apasionado y experimentado trabaja incansablemente para ofrecer oportunidades emocionantes y profesionales a nuestros modelos, ayud\u00e1ndolos a alcanzar su m\u00e1ximo potencial y destacarse en un mercado competitivo. Contamos con una gran cartera de modelos de todas las edades, etnias y tallas que nos enorgullecemos de representar.<\/p>\n\n\n\n<p>Ya sea que estes buscando iniciar tu carrera como modelo o busques un talento para tu pr\u00f3ximo proyecto, en Agencia Charr\u00faa estamos aqu\u00ed para satisfacer con esmero todas tus necesidades de manera personalizada y profesional.<br>\u00a1No dudes en contactarnos!<\/p>\n","protected":false},"excerpt":{"rendered":"<p>Somos una agencia de modelos y extras para publicidad, series y pel\u00edculas. Dedicada a descubrir y desarrollar nuevos talentos. Nuestro equipo apasionado y experimentado trabaja incansablemente para ofrecer oportunidades emocionantes y profesionales a nuestros modelos, ayud\u00e1ndolos a alcanzar su m\u00e1ximo potencial y destacarse en un mercado competitivo. Contamos con una gran cartera de modelos de [&hellip;]<\/p>\n","protected":false},"author":1,"featured_media":0,"parent":0,"menu_order":0,"comment_status":"closed","ping_status":"closed","template":"","meta":{"footnotes":""},"_links":{"self":[{"href":"https:\/\/charrua.com.uy\/index.php\/wp-json\/wp\/v2\/pages\/87"}],"collection":[{"href":"https:\/\/charrua.com.uy\/index.php\/wp-json\/wp\/v2\/pages"}],"about":[{"href":"https:\/\/charrua.com.uy\/index.php\/wp-json\/wp\/v2\/types\/page"}],"author":[{"embeddable":true,"href":"https:\/\/charrua.com.uy\/index.php\/wp-json\/wp\/v2\/users\/1"}],"replies":[{"embeddable":true,"href":"https:\/\/charrua.com.uy\/index.php\/wp-json\/wp\/v2\/comments?post=87"}],"version-history":[{"count":1,"href":"https:\/\/charrua.com.uy\/index.php\/wp-json\/wp\/v2\/pages\/87\/revisions"}],"predecessor-version":[{"id":88,"href":"https:\/\/charrua.com.uy\/index.php\/wp-json\/wp\/v2\/pages\/87\/revisions\/88"}],"wp:attachment":[{"href":"https:\/\/charrua.com.uy\/index.php\/wp-json\/wp\/v2\/media?parent=87"}],"curies":[{"name":"wp","href":"https:\/\/api.w.org\/{rel}","templated":true}]}}